{"id":381,"date":"2026-03-19T16:19:16","date_gmt":"2026-03-19T15:19:16","guid":{"rendered":"https:\/\/shops.schul.ag\/asg-huerth\/?post_type=product&#038;p=381"},"modified":"2026-03-19T16:23:04","modified_gmt":"2026-03-19T15:23:04","slug":"connector-2-0","status":"publish","type":"product","link":"https:\/\/shops.schul.ag\/asg-huerth\/produkt\/connector-2-0\/","title":{"rendered":"CONNECTOR 2.0"},"content":{"rendered":"<p>Iconic Mid-Light Unisex-Medium-Fit-Zip-Thru-Hoodie-Sweatshirt<br \/>\nSet-In-\u00c4rmel<br \/>\nEigenstoff-gef\u00fctterte Kapuze<br \/>\nVerdeckter Metallrei\u00dfverschluss vorne<br \/>\nRunde Zugb\u00e4nder in passender K\u00f6rperfarbe mit geschlossenem Metallende<br \/>\nMetall\u00f6sen<br \/>\n1&#215;1 Ripp an \u00c4rmelb\u00fcndchen und unterem Saum<br \/>\nK\u00e4ngurutasche<br \/>\nDoppelnadel-Steppn\u00e4hte an Armloch, \u00c4rmelb\u00fcndchen und unterem Saum<br \/>\nFischgr\u00e4tenband an der inneren Nackennaht und am inneren Rei\u00dfverschluss<br \/>\nEigenstoff-Halbmond am Nacken<br \/>\nNormale Passform<br \/>\nRundhalsausschnitt mit Kapuze<\/p>\n","protected":false},"excerpt":{"rendered":"<p>Mit Motiv P1 vorne, klein, links (Herzseite)<\/p>\n","protected":false},"featured_media":118,"template":"","meta":{"_uag_custom_page_level_css":"","_coblocks_attr":"","_coblocks_dimensions":"","_coblocks_responsive_height":"","_coblocks_accordion_ie_support":""},"product_brand":[],"product_cat":[20],"product_tag":[],"class_list":{"0":"post-381","1":"product","2":"type-product","3":"status-publish","4":"has-post-thumbnail","6":"product_cat-sweatshirts","8":"first","9":"instock","10":"taxable","11":"shipping-taxable","12":"purchasable","13":"product-type-variable","14":"has-default-attributes"},"uagb_featured_image_src":{"full":["https:\/\/shops.schul.ag\/asg-huerth\/wp-content\/uploads\/sites\/164\/2026\/03\/ti600_57995_front.jpg",600,600,false],"thumbnail":["https:\/\/shops.schul.ag\/asg-huerth\/wp-content\/uploads\/sites\/164\/2026\/03\/ti600_57995_front-150x150.jpg",150,150,true],"medium":["https:\/\/shops.schul.ag\/asg-huerth\/wp-content\/uploads\/sites\/164\/2026\/03\/ti600_57995_front-300x300.jpg",300,300,true],"medium_large":["https:\/\/shops.schul.ag\/asg-huerth\/wp-content\/uploads\/sites\/164\/2026\/03\/ti600_57995_front.jpg",600,600,false],"large":["https:\/\/shops.schul.ag\/asg-huerth\/wp-content\/uploads\/sites\/164\/2026\/03\/ti600_57995_front.jpg",600,600,false],"1536x1536":["https:\/\/shops.schul.ag\/asg-huerth\/wp-content\/uploads\/sites\/164\/2026\/03\/ti600_57995_front.jpg",600,600,false],"2048x2048":["https:\/\/shops.schul.ag\/asg-huerth\/wp-content\/uploads\/sites\/164\/2026\/03\/ti600_57995_front.jpg",600,600,false],"woocommerce_thumbnail":["https:\/\/shops.schul.ag\/asg-huerth\/wp-content\/uploads\/sites\/164\/2026\/03\/ti600_57995_front-324x324.jpg",324,324,true],"woocommerce_single":["https:\/\/shops.schul.ag\/asg-huerth\/wp-content\/uploads\/sites\/164\/2026\/03\/ti600_57995_front-416x416.jpg",416,416,true],"woocommerce_gallery_thumbnail":["https:\/\/shops.schul.ag\/asg-huerth\/wp-content\/uploads\/sites\/164\/2026\/03\/ti600_57995_front-100x100.jpg",100,100,true]},"uagb_author_info":{"display_name":"Administrator","author_link":"https:\/\/shops.schul.ag\/asg-huerth\/author\/"},"uagb_comment_info":0,"uagb_excerpt":"Mit Motiv P1 vorne, klein, links (Herzseite)","_links":{"self":[{"href":"https:\/\/shops.schul.ag\/asg-huerth\/wp-json\/wp\/v2\/product\/381","targetHints":{"allow":["GET"]}}],"collection":[{"href":"https:\/\/shops.schul.ag\/asg-huerth\/wp-json\/wp\/v2\/product"}],"about":[{"href":"https:\/\/shops.schul.ag\/asg-huerth\/wp-json\/wp\/v2\/types\/product"}],"wp:featuredmedia":[{"embeddable":true,"href":"https:\/\/shops.schul.ag\/asg-huerth\/wp-json\/wp\/v2\/media\/118"}],"wp:attachment":[{"href":"https:\/\/shops.schul.ag\/asg-huerth\/wp-json\/wp\/v2\/media?parent=381"}],"wp:term":[{"taxonomy":"product_brand","embeddable":true,"href":"https:\/\/shops.schul.ag\/asg-huerth\/wp-json\/wp\/v2\/product_brand?post=381"},{"taxonomy":"product_cat","embeddable":true,"href":"https:\/\/shops.schul.ag\/asg-huerth\/wp-json\/wp\/v2\/product_cat?post=381"},{"taxonomy":"product_tag","embeddable":true,"href":"https:\/\/shops.schul.ag\/asg-huerth\/wp-json\/wp\/v2\/product_tag?post=381"}],"curies":[{"name":"wp","href":"https:\/\/api.w.org\/{rel}","templated":true}]}}