{"id":10,"date":"2021-04-03T14:30:37","date_gmt":"2021-04-03T12:30:37","guid":{"rendered":"https:\/\/shops.apaya.ag\/augustinianum-gaesdonck\/?page_id=10"},"modified":"2025-05-24T02:29:10","modified_gmt":"2025-05-24T00:29:10","slug":"10-2","status":"publish","type":"page","link":"https:\/\/shops.schul.ag\/augustinianum-gaesdonck\/","title":{"rendered":""},"content":{"rendered":"\n<h2 class=\"wp-block-heading has-text-align-center\">Onlineshop &#8211; Collegium Augustinianum Gaesdonck<\/h2>\n\n\n\n<p class=\"has-text-align-center\">Wir st\u00e4rken mit nachhaltig und fair produzierter Kleidung und Merchandising-Artikeln das Gemeinschaftsgef\u00fchl an unserer Schule.<\/p>\n\n\n<div class=\"woocommerce columns-4\"><ul class=\"products columns-4\">\n<li class=\"product-category product first\">\n\t<a aria-label=\"Produktkategorie T-Shirts besuchen\" href=\"https:\/\/shops.schul.ag\/augustinianum-gaesdonck\/produkt-kategorie\/t-shirts\/\"><img loading=\"lazy\" decoding=\"async\" src=\"https:\/\/shops.schul.ag\/augustinianum-gaesdonck\/wp-content\/uploads\/sites\/138\/2025\/05\/ti600_18220_front-324x324.jpg\" alt=\"T-Shirts\" width=\"324\" height=\"324\" srcset=\"https:\/\/shops.schul.ag\/augustinianum-gaesdonck\/wp-content\/uploads\/sites\/138\/2025\/05\/ti600_18220_front-324x324.jpg 324w, https:\/\/shops.schul.ag\/augustinianum-gaesdonck\/wp-content\/uploads\/sites\/138\/2025\/05\/ti600_18220_front-300x300.jpg 300w, https:\/\/shops.schul.ag\/augustinianum-gaesdonck\/wp-content\/uploads\/sites\/138\/2025\/05\/ti600_18220_front-150x150.jpg 150w, https:\/\/shops.schul.ag\/augustinianum-gaesdonck\/wp-content\/uploads\/sites\/138\/2025\/05\/ti600_18220_front-416x416.jpg 416w, https:\/\/shops.schul.ag\/augustinianum-gaesdonck\/wp-content\/uploads\/sites\/138\/2025\/05\/ti600_18220_front-100x100.jpg 100w, https:\/\/shops.schul.ag\/augustinianum-gaesdonck\/wp-content\/uploads\/sites\/138\/2025\/05\/ti600_18220_front.jpg 600w\" sizes=\"auto, (max-width: 324px) 100vw, 324px\" \/>\t\t<h2 class=\"woocommerce-loop-category__title\">\n\t\t\tT-Shirts <mark class=\"count\">(9)<\/mark>\t\t<\/h2>\n\t\t<\/a><\/li>\n<li class=\"product-category product\">\n\t<a aria-label=\"Produktkategorie Poloshirts besuchen\" href=\"https:\/\/shops.schul.ag\/augustinianum-gaesdonck\/produkt-kategorie\/poloshirts\/\"><img loading=\"lazy\" decoding=\"async\" src=\"https:\/\/shops.schul.ag\/augustinianum-gaesdonck\/wp-content\/uploads\/sites\/138\/2025\/05\/ti600_18212_front-324x324.jpg\" alt=\"Poloshirts\" width=\"324\" height=\"324\" srcset=\"https:\/\/shops.schul.ag\/augustinianum-gaesdonck\/wp-content\/uploads\/sites\/138\/2025\/05\/ti600_18212_front-324x324.jpg 324w, https:\/\/shops.schul.ag\/augustinianum-gaesdonck\/wp-content\/uploads\/sites\/138\/2025\/05\/ti600_18212_front-300x300.jpg 300w, https:\/\/shops.schul.ag\/augustinianum-gaesdonck\/wp-content\/uploads\/sites\/138\/2025\/05\/ti600_18212_front-150x150.jpg 150w, https:\/\/shops.schul.ag\/augustinianum-gaesdonck\/wp-content\/uploads\/sites\/138\/2025\/05\/ti600_18212_front-416x416.jpg 416w, https:\/\/shops.schul.ag\/augustinianum-gaesdonck\/wp-content\/uploads\/sites\/138\/2025\/05\/ti600_18212_front-100x100.jpg 100w, https:\/\/shops.schul.ag\/augustinianum-gaesdonck\/wp-content\/uploads\/sites\/138\/2025\/05\/ti600_18212_front.jpg 600w\" sizes=\"auto, (max-width: 324px) 100vw, 324px\" \/>\t\t<h2 class=\"woocommerce-loop-category__title\">\n\t\t\tPoloshirts <mark class=\"count\">(9)<\/mark>\t\t<\/h2>\n\t\t<\/a><\/li>\n<li class=\"product-category product\">\n\t<a aria-label=\"Produktkategorie Sweatshirts besuchen\" href=\"https:\/\/shops.schul.ag\/augustinianum-gaesdonck\/produkt-kategorie\/sweatshirts\/\"><img loading=\"lazy\" decoding=\"async\" src=\"https:\/\/shops.schul.ag\/augustinianum-gaesdonck\/wp-content\/uploads\/sites\/138\/2025\/05\/ti600_18239_front-324x324.jpg\" alt=\"Sweatshirts\" width=\"324\" height=\"324\" srcset=\"https:\/\/shops.schul.ag\/augustinianum-gaesdonck\/wp-content\/uploads\/sites\/138\/2025\/05\/ti600_18239_front-324x324.jpg 324w, https:\/\/shops.schul.ag\/augustinianum-gaesdonck\/wp-content\/uploads\/sites\/138\/2025\/05\/ti600_18239_front-300x300.jpg 300w, https:\/\/shops.schul.ag\/augustinianum-gaesdonck\/wp-content\/uploads\/sites\/138\/2025\/05\/ti600_18239_front-150x150.jpg 150w, https:\/\/shops.schul.ag\/augustinianum-gaesdonck\/wp-content\/uploads\/sites\/138\/2025\/05\/ti600_18239_front-416x416.jpg 416w, https:\/\/shops.schul.ag\/augustinianum-gaesdonck\/wp-content\/uploads\/sites\/138\/2025\/05\/ti600_18239_front-100x100.jpg 100w, https:\/\/shops.schul.ag\/augustinianum-gaesdonck\/wp-content\/uploads\/sites\/138\/2025\/05\/ti600_18239_front.jpg 600w\" sizes=\"auto, (max-width: 324px) 100vw, 324px\" \/>\t\t<h2 class=\"woocommerce-loop-category__title\">\n\t\t\tSweatshirts <mark class=\"count\">(7)<\/mark>\t\t<\/h2>\n\t\t<\/a><\/li>\n<li class=\"product-category product last\">\n\t<a aria-label=\"Produktkategorie Hemden\/Blusen besuchen\" href=\"https:\/\/shops.schul.ag\/augustinianum-gaesdonck\/produkt-kategorie\/hemden-blusen\/\"><img loading=\"lazy\" decoding=\"async\" src=\"https:\/\/shops.schul.ag\/augustinianum-gaesdonck\/wp-content\/uploads\/sites\/138\/2025\/05\/ti600_22115_front-324x324.jpg\" alt=\"Hemden\/Blusen\" width=\"324\" height=\"324\" srcset=\"https:\/\/shops.schul.ag\/augustinianum-gaesdonck\/wp-content\/uploads\/sites\/138\/2025\/05\/ti600_22115_front-324x324.jpg 324w, https:\/\/shops.schul.ag\/augustinianum-gaesdonck\/wp-content\/uploads\/sites\/138\/2025\/05\/ti600_22115_front-300x300.jpg 300w, https:\/\/shops.schul.ag\/augustinianum-gaesdonck\/wp-content\/uploads\/sites\/138\/2025\/05\/ti600_22115_front-150x150.jpg 150w, https:\/\/shops.schul.ag\/augustinianum-gaesdonck\/wp-content\/uploads\/sites\/138\/2025\/05\/ti600_22115_front-416x416.jpg 416w, https:\/\/shops.schul.ag\/augustinianum-gaesdonck\/wp-content\/uploads\/sites\/138\/2025\/05\/ti600_22115_front-100x100.jpg 100w, https:\/\/shops.schul.ag\/augustinianum-gaesdonck\/wp-content\/uploads\/sites\/138\/2025\/05\/ti600_22115_front.jpg 600w\" sizes=\"auto, (max-width: 324px) 100vw, 324px\" \/>\t\t<h2 class=\"woocommerce-loop-category__title\">\n\t\t\tHemden\/Blusen <mark class=\"count\">(4)<\/mark>\t\t<\/h2>\n\t\t<\/a><\/li>\n<li class=\"product-category product first\">\n\t<a aria-label=\"Produktkategorie Strickpullover besuchen\" href=\"https:\/\/shops.schul.ag\/augustinianum-gaesdonck\/produkt-kategorie\/strickpullover\/\"><img loading=\"lazy\" decoding=\"async\" src=\"https:\/\/shops.schul.ag\/augustinianum-gaesdonck\/wp-content\/uploads\/sites\/138\/2025\/05\/ti600_22134_front-324x324.jpg\" alt=\"Strickpullover\" width=\"324\" height=\"324\" srcset=\"https:\/\/shops.schul.ag\/augustinianum-gaesdonck\/wp-content\/uploads\/sites\/138\/2025\/05\/ti600_22134_front-324x324.jpg 324w, https:\/\/shops.schul.ag\/augustinianum-gaesdonck\/wp-content\/uploads\/sites\/138\/2025\/05\/ti600_22134_front-300x300.jpg 300w, https:\/\/shops.schul.ag\/augustinianum-gaesdonck\/wp-content\/uploads\/sites\/138\/2025\/05\/ti600_22134_front-150x150.jpg 150w, https:\/\/shops.schul.ag\/augustinianum-gaesdonck\/wp-content\/uploads\/sites\/138\/2025\/05\/ti600_22134_front-416x416.jpg 416w, https:\/\/shops.schul.ag\/augustinianum-gaesdonck\/wp-content\/uploads\/sites\/138\/2025\/05\/ti600_22134_front-100x100.jpg 100w, https:\/\/shops.schul.ag\/augustinianum-gaesdonck\/wp-content\/uploads\/sites\/138\/2025\/05\/ti600_22134_front.jpg 600w\" sizes=\"auto, (max-width: 324px) 100vw, 324px\" \/>\t\t<h2 class=\"woocommerce-loop-category__title\">\n\t\t\tStrickpullover <mark class=\"count\">(2)<\/mark>\t\t<\/h2>\n\t\t<\/a><\/li>\n<li class=\"product-category product\">\n\t<a aria-label=\"Produktkategorie Sakko\/Blazer besuchen\" href=\"https:\/\/shops.schul.ag\/augustinianum-gaesdonck\/produkt-kategorie\/sakko-blazer\/\"><img loading=\"lazy\" decoding=\"async\" src=\"https:\/\/shops.schul.ag\/augustinianum-gaesdonck\/wp-content\/uploads\/sites\/138\/2025\/05\/ti600_22030_front-324x324.jpg\" alt=\"Sakko\/Blazer\" width=\"324\" height=\"324\" srcset=\"https:\/\/shops.schul.ag\/augustinianum-gaesdonck\/wp-content\/uploads\/sites\/138\/2025\/05\/ti600_22030_front-324x324.jpg 324w, https:\/\/shops.schul.ag\/augustinianum-gaesdonck\/wp-content\/uploads\/sites\/138\/2025\/05\/ti600_22030_front-300x300.jpg 300w, https:\/\/shops.schul.ag\/augustinianum-gaesdonck\/wp-content\/uploads\/sites\/138\/2025\/05\/ti600_22030_front-150x150.jpg 150w, https:\/\/shops.schul.ag\/augustinianum-gaesdonck\/wp-content\/uploads\/sites\/138\/2025\/05\/ti600_22030_front-416x416.jpg 416w, https:\/\/shops.schul.ag\/augustinianum-gaesdonck\/wp-content\/uploads\/sites\/138\/2025\/05\/ti600_22030_front-100x100.jpg 100w, https:\/\/shops.schul.ag\/augustinianum-gaesdonck\/wp-content\/uploads\/sites\/138\/2025\/05\/ti600_22030_front.jpg 600w\" sizes=\"auto, (max-width: 324px) 100vw, 324px\" \/>\t\t<h2 class=\"woocommerce-loop-category__title\">\n\t\t\tSakko\/Blazer <mark class=\"count\">(2)<\/mark>\t\t<\/h2>\n\t\t<\/a><\/li>\n<\/ul>\n<\/div>\n\n\n\n<p class=\"has-text-align-center\">Schulkleidung soll stylisch sein, funktionell aber auch nachhaltig &amp; zu menschenw\u00fcrdigen Bedingungen produziert werden. Wir legen deshalb gr\u00f6\u00dften Wert auf &#8222;Nachhaltige Produktion&#8220; &#8211; &#8222;Fairen Handel&#8220; &#8211; &#8222;\u00d6kologische Verantwortung&#8220; .<\/p>\n\n\n\n<div aria-label=\"List of logos\" class=\"wp-block-coblocks-logos apaya-homepage-logos\"><div class=\"wp-block-coblocks-logos__row\"><div style=\"width:22.6463%\"><img decoding=\"async\" alt=\"Zertifikat Fair Wear\" data-id=\"44\" data-width=\"22.6463%\" src=\"https:\/\/shops.apaya.ag\/augustinianum-gaesdonck\/wp-content\/uploads\/sites\/138\/2021\/04\/startseite-zertifikat-fair-wear.png\"\/><\/div><div style=\"width:22.0102%\"><img decoding=\"async\" alt=\"Zertifikat Oeko Tex\" data-id=\"43\" data-width=\"22.0102%\" src=\"https:\/\/shops.apaya.ag\/augustinianum-gaesdonck\/wp-content\/uploads\/sites\/138\/2021\/04\/startseite-zertifikat-oeko-tex.png\"\/><\/div><div style=\"width:14.7583%\"><img decoding=\"async\" alt=\"Zertifikat Bio\" data-id=\"42\" data-width=\"14.7583%\" src=\"https:\/\/shops.apaya.ag\/augustinianum-gaesdonck\/wp-content\/uploads\/sites\/138\/2021\/04\/startseite-zertifikat-bio.png\"\/><\/div><\/div><\/div>\n\n\n\n<div class=\"wp-block-columns is-layout-flex wp-container-core-columns-is-layout-28f84493 wp-block-columns-is-layout-flex\">\n<div class=\"wp-block-column is-layout-flow wp-block-column-is-layout-flow\">\n<ul class=\"wp-block-list is-style-default apaya-homepage-list\">\n<li>Einhaltung von \u00d6kotex Standard (neutrale Textilien ohne Giftstoffe die Hautreizungen hervorrufen k\u00f6nnen)<\/li>\n\n\n\n<li>Herstellung aus zertifizierter Bio-Baumwolle<\/li>\n\n\n\n<li>Sozialvertr\u00e4gliche Arbeitsbedingungen &amp;soziale Verantwortung im Sinne des Fair Trade<\/li>\n<\/ul>\n<\/div>\n\n\n\n<div class=\"wp-block-column is-layout-flow wp-block-column-is-layout-flow\">\n<ul class=\"wp-block-list is-style-default apaya-homepage-list\">\n<li>Zahlung von fairen Preisen<\/li>\n\n\n\n<li>Transparenz entlang der gesamten Lieferkette<\/li>\n\n\n\n<li>Einhaltung ethischer Herstellungsrichtlinien (z.B. keine Kinderarbeit, Gleichberechtigung von Frauen)<\/li>\n<\/ul>\n<\/div>\n<\/div>\n","protected":false},"excerpt":{"rendered":"<p>Onlineshop &#8211; Collegium Augustinianum Gaesdonck Wir st\u00e4rken mit nachhaltig und fair produzierter Kleidung und Merchandising-Artikeln das Gemeinschaftsgef\u00fchl an unserer Schule. Schulkleidung soll stylisch sein, funktionell aber auch nachhaltig &amp; zu menschenw\u00fcrdigen Bedingungen produziert werden. Wir legen deshalb gr\u00f6\u00dften Wert auf &#8222;Nachhaltige Produktion&#8220; &#8211; &#8222;Fairen Handel&#8220; &#8211; &#8222;\u00d6kologische Verantwortung&#8220; .<\/p>\n","protected":false},"author":1,"featured_media":0,"parent":0,"menu_order":0,"comment_status":"closed","ping_status":"closed","template":"","meta":{"_uag_custom_page_level_css":"","_coblocks_attr":"","_coblocks_dimensions":"","_coblocks_responsive_height":"","_coblocks_accordion_ie_support":"","footnotes":""},"class_list":["post-10","page","type-page","status-publish","hentry"],"uagb_featured_image_src":{"full":false,"thumbnail":false,"medium":false,"medium_large":false,"large":false,"1536x1536":false,"2048x2048":false,"woocommerce_thumbnail":false,"woocommerce_single":false,"woocommerce_gallery_thumbnail":false},"uagb_author_info":{"display_name":"Administrator","author_link":"https:\/\/shops.schul.ag\/augustinianum-gaesdonck\/author\/admin-apaya\/"},"uagb_comment_info":0,"uagb_excerpt":"Onlineshop &#8211; Collegium Augustinianum Gaesdonck Wir st\u00e4rken mit nachhaltig und fair produzierter Kleidung und Merchandising-Artikeln das Gemeinschaftsgef\u00fchl an unserer Schule. Schulkleidung soll stylisch sein, funktionell aber auch nachhaltig &amp; zu menschenw\u00fcrdigen Bedingungen produziert werden. Wir legen deshalb gr\u00f6\u00dften Wert auf &#8222;Nachhaltige Produktion&#8220; &#8211; &#8222;Fairen Handel&#8220; &#8211; &#8222;\u00d6kologische Verantwortung&#8220; .","_links":{"self":[{"href":"https:\/\/shops.schul.ag\/augustinianum-gaesdonck\/wp-json\/wp\/v2\/pages\/10","targetHints":{"allow":["GET"]}}],"collection":[{"href":"https:\/\/shops.schul.ag\/augustinianum-gaesdonck\/wp-json\/wp\/v2\/pages"}],"about":[{"href":"https:\/\/shops.schul.ag\/augustinianum-gaesdonck\/wp-json\/wp\/v2\/types\/page"}],"author":[{"embeddable":true,"href":"https:\/\/shops.schul.ag\/augustinianum-gaesdonck\/wp-json\/wp\/v2\/users\/1"}],"replies":[{"embeddable":true,"href":"https:\/\/shops.schul.ag\/augustinianum-gaesdonck\/wp-json\/wp\/v2\/comments?post=10"}],"version-history":[{"count":3,"href":"https:\/\/shops.schul.ag\/augustinianum-gaesdonck\/wp-json\/wp\/v2\/pages\/10\/revisions"}],"predecessor-version":[{"id":526,"href":"https:\/\/shops.schul.ag\/augustinianum-gaesdonck\/wp-json\/wp\/v2\/pages\/10\/revisions\/526"}],"wp:attachment":[{"href":"https:\/\/shops.schul.ag\/augustinianum-gaesdonck\/wp-json\/wp\/v2\/media?parent=10"}],"curies":[{"name":"wp","href":"https:\/\/api.w.org\/{rel}","templated":true}]}}