{"id":322,"date":"2026-04-16T11:18:23","date_gmt":"2026-04-16T09:18:23","guid":{"rendered":"https:\/\/shops.schul.ag\/christian-rauch-schule\/?post_type=product&#038;p=322"},"modified":"2026-04-16T11:18:23","modified_gmt":"2026-04-16T09:18:23","slug":"eco-tote-bag-2","status":"publish","type":"product","link":"https:\/\/shops.schul.ag\/christian-rauch-schule\/produkt\/eco-tote-bag-2\/","title":{"rendered":"ECO TOTE BAG"},"content":{"rendered":"<p>Tote Bag aus Canvas mit zwei langen Henkeln, 80 % recycelte, gek\u00e4mmte Ringspinn-Baumwolle und 20% recyceltes Polyester,  Fair Wear + \u00d6ko-Tex Standard 100 zertifiziert, Ma\u00dfe: 37 x 39 cm, Henkell\u00e4nge 65 cm<\/p>\n","protected":false},"excerpt":{"rendered":"<p>Mit Motiv P26 Tasche, vorne unten rechts<\/p>\n","protected":false},"featured_media":136,"template":"","meta":{"_uag_custom_page_level_css":"","_coblocks_attr":"","_coblocks_dimensions":"","_coblocks_responsive_height":"","_coblocks_accordion_ie_support":""},"product_brand":[],"product_cat":[21],"product_tag":[],"class_list":{"0":"post-322","1":"product","2":"type-product","3":"status-publish","4":"has-post-thumbnail","6":"product_cat-accessoires","8":"first","9":"instock","10":"taxable","11":"shipping-taxable","12":"purchasable","13":"product-type-variable","14":"has-default-attributes"},"uagb_featured_image_src":{"full":["https:\/\/shops.schul.ag\/christian-rauch-schule\/wp-content\/uploads\/sites\/147\/2025\/08\/ti600_54388_front.jpg",600,600,false],"thumbnail":["https:\/\/shops.schul.ag\/christian-rauch-schule\/wp-content\/uploads\/sites\/147\/2025\/08\/ti600_54388_front-150x150.jpg",150,150,true],"medium":["https:\/\/shops.schul.ag\/christian-rauch-schule\/wp-content\/uploads\/sites\/147\/2025\/08\/ti600_54388_front-300x300.jpg",300,300,true],"medium_large":["https:\/\/shops.schul.ag\/christian-rauch-schule\/wp-content\/uploads\/sites\/147\/2025\/08\/ti600_54388_front.jpg",600,600,false],"large":["https:\/\/shops.schul.ag\/christian-rauch-schule\/wp-content\/uploads\/sites\/147\/2025\/08\/ti600_54388_front.jpg",600,600,false],"1536x1536":["https:\/\/shops.schul.ag\/christian-rauch-schule\/wp-content\/uploads\/sites\/147\/2025\/08\/ti600_54388_front.jpg",600,600,false],"2048x2048":["https:\/\/shops.schul.ag\/christian-rauch-schule\/wp-content\/uploads\/sites\/147\/2025\/08\/ti600_54388_front.jpg",600,600,false],"woocommerce_thumbnail":["https:\/\/shops.schul.ag\/christian-rauch-schule\/wp-content\/uploads\/sites\/147\/2025\/08\/ti600_54388_front-324x324.jpg",324,324,true],"woocommerce_single":["https:\/\/shops.schul.ag\/christian-rauch-schule\/wp-content\/uploads\/sites\/147\/2025\/08\/ti600_54388_front-416x416.jpg",416,416,true],"woocommerce_gallery_thumbnail":["https:\/\/shops.schul.ag\/christian-rauch-schule\/wp-content\/uploads\/sites\/147\/2025\/08\/ti600_54388_front-100x100.jpg",100,100,true]},"uagb_author_info":{"display_name":"Administrator","author_link":"https:\/\/shops.schul.ag\/christian-rauch-schule\/author\/"},"uagb_comment_info":0,"uagb_excerpt":"Mit Motiv P26 Tasche, vorne unten rechts","_links":{"self":[{"href":"https:\/\/shops.schul.ag\/christian-rauch-schule\/wp-json\/wp\/v2\/product\/322","targetHints":{"allow":["GET"]}}],"collection":[{"href":"https:\/\/shops.schul.ag\/christian-rauch-schule\/wp-json\/wp\/v2\/product"}],"about":[{"href":"https:\/\/shops.schul.ag\/christian-rauch-schule\/wp-json\/wp\/v2\/types\/product"}],"wp:featuredmedia":[{"embeddable":true,"href":"https:\/\/shops.schul.ag\/christian-rauch-schule\/wp-json\/wp\/v2\/media\/136"}],"wp:attachment":[{"href":"https:\/\/shops.schul.ag\/christian-rauch-schule\/wp-json\/wp\/v2\/media?parent=322"}],"wp:term":[{"taxonomy":"product_brand","embeddable":true,"href":"https:\/\/shops.schul.ag\/christian-rauch-schule\/wp-json\/wp\/v2\/product_brand?post=322"},{"taxonomy":"product_cat","embeddable":true,"href":"https:\/\/shops.schul.ag\/christian-rauch-schule\/wp-json\/wp\/v2\/product_cat?post=322"},{"taxonomy":"product_tag","embeddable":true,"href":"https:\/\/shops.schul.ag\/christian-rauch-schule\/wp-json\/wp\/v2\/product_tag?post=322"}],"curies":[{"name":"wp","href":"https:\/\/api.w.org\/{rel}","templated":true}]}}