{"id":10,"date":"2021-04-03T14:30:37","date_gmt":"2021-04-03T12:30:37","guid":{"rendered":"https:\/\/shops.apaya.ag\/musikschule-nuernberg\/?page_id=10"},"modified":"2025-05-02T16:18:34","modified_gmt":"2025-05-02T14:18:34","slug":"10-2","status":"publish","type":"page","link":"https:\/\/shops.schul.ag\/musikschule-nuernberg\/","title":{"rendered":""},"content":{"rendered":"\n<h2 class=\"wp-block-heading has-text-align-center\">Onlineshop &#8211; Musikschule N\u00fcrnberg<\/h2>\n\n\n\n<p class=\"has-text-align-center\">Wir st\u00e4rken mit nachhaltig und fair produzierter Kleidung und Merchandising-Artikeln das Gemeinschaftsgef\u00fchl an unserer Schule.<\/p>\n\n\n<div class=\"woocommerce columns-4\"><ul class=\"products columns-4\">\n<li class=\"product-category product first\">\n\t<a aria-label=\"Produktkategorie Musikschule Allgemein besuchen\" href=\"https:\/\/shops.schul.ag\/musikschule-nuernberg\/produkt-kategorie\/musikschule-allgemein\/\"><img loading=\"lazy\" decoding=\"async\" src=\"https:\/\/shops.schul.ag\/musikschule-nuernberg\/wp-content\/uploads\/sites\/133\/2025\/05\/motive-YWdmMB-999999-1746195166-fc8001f834f6a5f0561080d134d53d29-324x324.png\" alt=\"Musikschule Allgemein\" width=\"324\" height=\"324\" srcset=\"https:\/\/shops.schul.ag\/musikschule-nuernberg\/wp-content\/uploads\/sites\/133\/2025\/05\/motive-YWdmMB-999999-1746195166-fc8001f834f6a5f0561080d134d53d29-324x324.png 324w, https:\/\/shops.schul.ag\/musikschule-nuernberg\/wp-content\/uploads\/sites\/133\/2025\/05\/motive-YWdmMB-999999-1746195166-fc8001f834f6a5f0561080d134d53d29-300x300.png 300w, https:\/\/shops.schul.ag\/musikschule-nuernberg\/wp-content\/uploads\/sites\/133\/2025\/05\/motive-YWdmMB-999999-1746195166-fc8001f834f6a5f0561080d134d53d29-1024x1024.png 1024w, https:\/\/shops.schul.ag\/musikschule-nuernberg\/wp-content\/uploads\/sites\/133\/2025\/05\/motive-YWdmMB-999999-1746195166-fc8001f834f6a5f0561080d134d53d29-150x150.png 150w, https:\/\/shops.schul.ag\/musikschule-nuernberg\/wp-content\/uploads\/sites\/133\/2025\/05\/motive-YWdmMB-999999-1746195166-fc8001f834f6a5f0561080d134d53d29-768x768.png 768w, https:\/\/shops.schul.ag\/musikschule-nuernberg\/wp-content\/uploads\/sites\/133\/2025\/05\/motive-YWdmMB-999999-1746195166-fc8001f834f6a5f0561080d134d53d29-416x416.png 416w, https:\/\/shops.schul.ag\/musikschule-nuernberg\/wp-content\/uploads\/sites\/133\/2025\/05\/motive-YWdmMB-999999-1746195166-fc8001f834f6a5f0561080d134d53d29-100x100.png 100w, https:\/\/shops.schul.ag\/musikschule-nuernberg\/wp-content\/uploads\/sites\/133\/2025\/05\/motive-YWdmMB-999999-1746195166-fc8001f834f6a5f0561080d134d53d29.png 1476w\" sizes=\"auto, (max-width: 324px) 100vw, 324px\" \/>\t\t<h2 class=\"woocommerce-loop-category__title\">\n\t\t\tMusikschule Allgemein <mark class=\"count\">(12)<\/mark>\t\t<\/h2>\n\t\t<\/a><\/li>\n<li class=\"product-category product\">\n\t<a aria-label=\"Produktkategorie N\u00fcrnberger Jugendorchester besuchen\" href=\"https:\/\/shops.schul.ag\/musikschule-nuernberg\/produkt-kategorie\/nuernberger-jugenorchester\/\"><img loading=\"lazy\" decoding=\"async\" src=\"https:\/\/shops.schul.ag\/musikschule-nuernberg\/wp-content\/uploads\/sites\/133\/2025\/05\/motive-P1oyM1-999999-1746200050-9f396fe44e7c05c16873b05ec425cbad-324x324.png\" alt=\"N\u00fcrnberger Jugendorchester\" width=\"324\" height=\"324\" srcset=\"https:\/\/shops.schul.ag\/musikschule-nuernberg\/wp-content\/uploads\/sites\/133\/2025\/05\/motive-P1oyM1-999999-1746200050-9f396fe44e7c05c16873b05ec425cbad-324x324.png 324w, https:\/\/shops.schul.ag\/musikschule-nuernberg\/wp-content\/uploads\/sites\/133\/2025\/05\/motive-P1oyM1-999999-1746200050-9f396fe44e7c05c16873b05ec425cbad-300x300.png 300w, https:\/\/shops.schul.ag\/musikschule-nuernberg\/wp-content\/uploads\/sites\/133\/2025\/05\/motive-P1oyM1-999999-1746200050-9f396fe44e7c05c16873b05ec425cbad-1024x1024.png 1024w, https:\/\/shops.schul.ag\/musikschule-nuernberg\/wp-content\/uploads\/sites\/133\/2025\/05\/motive-P1oyM1-999999-1746200050-9f396fe44e7c05c16873b05ec425cbad-150x150.png 150w, https:\/\/shops.schul.ag\/musikschule-nuernberg\/wp-content\/uploads\/sites\/133\/2025\/05\/motive-P1oyM1-999999-1746200050-9f396fe44e7c05c16873b05ec425cbad-768x768.png 768w, https:\/\/shops.schul.ag\/musikschule-nuernberg\/wp-content\/uploads\/sites\/133\/2025\/05\/motive-P1oyM1-999999-1746200050-9f396fe44e7c05c16873b05ec425cbad-416x416.png 416w, https:\/\/shops.schul.ag\/musikschule-nuernberg\/wp-content\/uploads\/sites\/133\/2025\/05\/motive-P1oyM1-999999-1746200050-9f396fe44e7c05c16873b05ec425cbad-100x100.png 100w, https:\/\/shops.schul.ag\/musikschule-nuernberg\/wp-content\/uploads\/sites\/133\/2025\/05\/motive-P1oyM1-999999-1746200050-9f396fe44e7c05c16873b05ec425cbad.png 1364w\" sizes=\"auto, (max-width: 324px) 100vw, 324px\" \/>\t\t<h2 class=\"woocommerce-loop-category__title\">\n\t\t\tN\u00fcrnberger Jugendorchester <mark class=\"count\">(3)<\/mark>\t\t<\/h2>\n\t\t<\/a><\/li>\n<li class=\"product-category product\">\n\t<a aria-label=\"Produktkategorie Chor Unisono besuchen\" href=\"https:\/\/shops.schul.ag\/musikschule-nuernberg\/produkt-kategorie\/chor-unisono\/\"><img loading=\"lazy\" decoding=\"async\" src=\"https:\/\/shops.schul.ag\/musikschule-nuernberg\/wp-content\/uploads\/sites\/133\/2025\/05\/motive-eR7kVm-999999-1746200541-42a0e188f5033bc65bf8d78622277c4e-324x324.png\" alt=\"Chor Unisono\" width=\"324\" height=\"324\" srcset=\"https:\/\/shops.schul.ag\/musikschule-nuernberg\/wp-content\/uploads\/sites\/133\/2025\/05\/motive-eR7kVm-999999-1746200541-42a0e188f5033bc65bf8d78622277c4e-324x324.png 324w, https:\/\/shops.schul.ag\/musikschule-nuernberg\/wp-content\/uploads\/sites\/133\/2025\/05\/motive-eR7kVm-999999-1746200541-42a0e188f5033bc65bf8d78622277c4e-300x300.png 300w, https:\/\/shops.schul.ag\/musikschule-nuernberg\/wp-content\/uploads\/sites\/133\/2025\/05\/motive-eR7kVm-999999-1746200541-42a0e188f5033bc65bf8d78622277c4e-1024x1024.png 1024w, https:\/\/shops.schul.ag\/musikschule-nuernberg\/wp-content\/uploads\/sites\/133\/2025\/05\/motive-eR7kVm-999999-1746200541-42a0e188f5033bc65bf8d78622277c4e-150x150.png 150w, https:\/\/shops.schul.ag\/musikschule-nuernberg\/wp-content\/uploads\/sites\/133\/2025\/05\/motive-eR7kVm-999999-1746200541-42a0e188f5033bc65bf8d78622277c4e-768x768.png 768w, https:\/\/shops.schul.ag\/musikschule-nuernberg\/wp-content\/uploads\/sites\/133\/2025\/05\/motive-eR7kVm-999999-1746200541-42a0e188f5033bc65bf8d78622277c4e-416x416.png 416w, https:\/\/shops.schul.ag\/musikschule-nuernberg\/wp-content\/uploads\/sites\/133\/2025\/05\/motive-eR7kVm-999999-1746200541-42a0e188f5033bc65bf8d78622277c4e-100x100.png 100w, https:\/\/shops.schul.ag\/musikschule-nuernberg\/wp-content\/uploads\/sites\/133\/2025\/05\/motive-eR7kVm-999999-1746200541-42a0e188f5033bc65bf8d78622277c4e.png 1364w\" sizes=\"auto, (max-width: 324px) 100vw, 324px\" \/>\t\t<h2 class=\"woocommerce-loop-category__title\">\n\t\t\tChor Unisono <mark class=\"count\">(7)<\/mark>\t\t<\/h2>\n\t\t<\/a><\/li>\n<li class=\"product-category product last\">\n\t<a aria-label=\"Produktkategorie New Brass Generation besuchen\" href=\"https:\/\/shops.schul.ag\/musikschule-nuernberg\/produkt-kategorie\/new-brass-generation\/\"><img loading=\"lazy\" decoding=\"async\" src=\"https:\/\/shops.schul.ag\/musikschule-nuernberg\/wp-content\/uploads\/sites\/133\/2025\/05\/motive-Ehu6hX-999999-1746200822-5fd0b37cd7dbbb00f97ba6ce92bf5add-324x324.png\" alt=\"New Brass Generation\" width=\"324\" height=\"324\" srcset=\"https:\/\/shops.schul.ag\/musikschule-nuernberg\/wp-content\/uploads\/sites\/133\/2025\/05\/motive-Ehu6hX-999999-1746200822-5fd0b37cd7dbbb00f97ba6ce92bf5add-324x324.png 324w, https:\/\/shops.schul.ag\/musikschule-nuernberg\/wp-content\/uploads\/sites\/133\/2025\/05\/motive-Ehu6hX-999999-1746200822-5fd0b37cd7dbbb00f97ba6ce92bf5add-300x300.png 300w, https:\/\/shops.schul.ag\/musikschule-nuernberg\/wp-content\/uploads\/sites\/133\/2025\/05\/motive-Ehu6hX-999999-1746200822-5fd0b37cd7dbbb00f97ba6ce92bf5add-1024x1024.png 1024w, https:\/\/shops.schul.ag\/musikschule-nuernberg\/wp-content\/uploads\/sites\/133\/2025\/05\/motive-Ehu6hX-999999-1746200822-5fd0b37cd7dbbb00f97ba6ce92bf5add-150x150.png 150w, https:\/\/shops.schul.ag\/musikschule-nuernberg\/wp-content\/uploads\/sites\/133\/2025\/05\/motive-Ehu6hX-999999-1746200822-5fd0b37cd7dbbb00f97ba6ce92bf5add-768x768.png 768w, https:\/\/shops.schul.ag\/musikschule-nuernberg\/wp-content\/uploads\/sites\/133\/2025\/05\/motive-Ehu6hX-999999-1746200822-5fd0b37cd7dbbb00f97ba6ce92bf5add-1536x1536.png 1536w, https:\/\/shops.schul.ag\/musikschule-nuernberg\/wp-content\/uploads\/sites\/133\/2025\/05\/motive-Ehu6hX-999999-1746200822-5fd0b37cd7dbbb00f97ba6ce92bf5add-416x416.png 416w, https:\/\/shops.schul.ag\/musikschule-nuernberg\/wp-content\/uploads\/sites\/133\/2025\/05\/motive-Ehu6hX-999999-1746200822-5fd0b37cd7dbbb00f97ba6ce92bf5add-100x100.png 100w, https:\/\/shops.schul.ag\/musikschule-nuernberg\/wp-content\/uploads\/sites\/133\/2025\/05\/motive-Ehu6hX-999999-1746200822-5fd0b37cd7dbbb00f97ba6ce92bf5add.png 1831w\" sizes=\"auto, (max-width: 324px) 100vw, 324px\" \/>\t\t<h2 class=\"woocommerce-loop-category__title\">\n\t\t\tNew Brass Generation <mark class=\"count\">(3)<\/mark>\t\t<\/h2>\n\t\t<\/a><\/li>\n<li class=\"product-category product first\">\n\t<a aria-label=\"Produktkategorie Windst\u00e4rke 12 besuchen\" href=\"https:\/\/shops.schul.ag\/musikschule-nuernberg\/produkt-kategorie\/windstaerke-12\/\"><img loading=\"lazy\" decoding=\"async\" src=\"https:\/\/shops.schul.ag\/musikschule-nuernberg\/wp-content\/uploads\/sites\/133\/2025\/11\/motive-zh1FOe-ffffff-1763420164-704afe073992cbe4813cae2f7715336f-324x324.png\" alt=\"Windst\u00e4rke 12\" width=\"324\" height=\"324\" srcset=\"https:\/\/shops.schul.ag\/musikschule-nuernberg\/wp-content\/uploads\/sites\/133\/2025\/11\/motive-zh1FOe-ffffff-1763420164-704afe073992cbe4813cae2f7715336f-324x324.png 324w, https:\/\/shops.schul.ag\/musikschule-nuernberg\/wp-content\/uploads\/sites\/133\/2025\/11\/motive-zh1FOe-ffffff-1763420164-704afe073992cbe4813cae2f7715336f-300x300.png 300w, https:\/\/shops.schul.ag\/musikschule-nuernberg\/wp-content\/uploads\/sites\/133\/2025\/11\/motive-zh1FOe-ffffff-1763420164-704afe073992cbe4813cae2f7715336f-1024x1024.png 1024w, https:\/\/shops.schul.ag\/musikschule-nuernberg\/wp-content\/uploads\/sites\/133\/2025\/11\/motive-zh1FOe-ffffff-1763420164-704afe073992cbe4813cae2f7715336f-150x150.png 150w, https:\/\/shops.schul.ag\/musikschule-nuernberg\/wp-content\/uploads\/sites\/133\/2025\/11\/motive-zh1FOe-ffffff-1763420164-704afe073992cbe4813cae2f7715336f-768x768.png 768w, https:\/\/shops.schul.ag\/musikschule-nuernberg\/wp-content\/uploads\/sites\/133\/2025\/11\/motive-zh1FOe-ffffff-1763420164-704afe073992cbe4813cae2f7715336f-1536x1536.png 1536w, https:\/\/shops.schul.ag\/musikschule-nuernberg\/wp-content\/uploads\/sites\/133\/2025\/11\/motive-zh1FOe-ffffff-1763420164-704afe073992cbe4813cae2f7715336f-416x416.png 416w, https:\/\/shops.schul.ag\/musikschule-nuernberg\/wp-content\/uploads\/sites\/133\/2025\/11\/motive-zh1FOe-ffffff-1763420164-704afe073992cbe4813cae2f7715336f-100x100.png 100w, https:\/\/shops.schul.ag\/musikschule-nuernberg\/wp-content\/uploads\/sites\/133\/2025\/11\/motive-zh1FOe-ffffff-1763420164-704afe073992cbe4813cae2f7715336f.png 1831w\" sizes=\"auto, (max-width: 324px) 100vw, 324px\" \/>\t\t<h2 class=\"woocommerce-loop-category__title\">\n\t\t\tWindst\u00e4rke 12 <mark class=\"count\">(4)<\/mark>\t\t<\/h2>\n\t\t<\/a><\/li>\n<li class=\"product-category product\">\n\t<a aria-label=\"Produktkategorie Norisamba besuchen\" href=\"https:\/\/shops.schul.ag\/musikschule-nuernberg\/produkt-kategorie\/norisamba\/\"><img loading=\"lazy\" decoding=\"async\" src=\"https:\/\/shops.schul.ag\/musikschule-nuernberg\/wp-content\/uploads\/sites\/133\/2025\/11\/motive-s3QAi6-ffffff-1763418959-2838023a778dfaecdc212708f721b788-324x324.png\" alt=\"Norisamba\" width=\"324\" height=\"324\" srcset=\"https:\/\/shops.schul.ag\/musikschule-nuernberg\/wp-content\/uploads\/sites\/133\/2025\/11\/motive-s3QAi6-ffffff-1763418959-2838023a778dfaecdc212708f721b788-324x324.png 324w, https:\/\/shops.schul.ag\/musikschule-nuernberg\/wp-content\/uploads\/sites\/133\/2025\/11\/motive-s3QAi6-ffffff-1763418959-2838023a778dfaecdc212708f721b788-300x300.png 300w, https:\/\/shops.schul.ag\/musikschule-nuernberg\/wp-content\/uploads\/sites\/133\/2025\/11\/motive-s3QAi6-ffffff-1763418959-2838023a778dfaecdc212708f721b788-1024x1024.png 1024w, https:\/\/shops.schul.ag\/musikschule-nuernberg\/wp-content\/uploads\/sites\/133\/2025\/11\/motive-s3QAi6-ffffff-1763418959-2838023a778dfaecdc212708f721b788-150x150.png 150w, https:\/\/shops.schul.ag\/musikschule-nuernberg\/wp-content\/uploads\/sites\/133\/2025\/11\/motive-s3QAi6-ffffff-1763418959-2838023a778dfaecdc212708f721b788-768x768.png 768w, https:\/\/shops.schul.ag\/musikschule-nuernberg\/wp-content\/uploads\/sites\/133\/2025\/11\/motive-s3QAi6-ffffff-1763418959-2838023a778dfaecdc212708f721b788-416x416.png 416w, https:\/\/shops.schul.ag\/musikschule-nuernberg\/wp-content\/uploads\/sites\/133\/2025\/11\/motive-s3QAi6-ffffff-1763418959-2838023a778dfaecdc212708f721b788-100x100.png 100w, https:\/\/shops.schul.ag\/musikschule-nuernberg\/wp-content\/uploads\/sites\/133\/2025\/11\/motive-s3QAi6-ffffff-1763418959-2838023a778dfaecdc212708f721b788.png 1226w\" sizes=\"auto, (max-width: 324px) 100vw, 324px\" \/>\t\t<h2 class=\"woocommerce-loop-category__title\">\n\t\t\tNorisamba <mark class=\"count\">(1)<\/mark>\t\t<\/h2>\n\t\t<\/a><\/li>\n<\/ul>\n<\/div>\n\n\n\n<p class=\"has-text-align-center\">Schulkleidung soll stylisch sein, funktionell aber auch nachhaltig &amp; zu menschenw\u00fcrdigen Bedingungen produziert werden. Wir legen deshalb gr\u00f6\u00dften Wert auf &#8222;Nachhaltige Produktion&#8220; &#8211; &#8222;Fairen Handel&#8220; &#8211; &#8222;\u00d6kologische Verantwortung&#8220; .<\/p>\n\n\n\n<div aria-label=\"List of logos\" class=\"wp-block-coblocks-logos apaya-homepage-logos\"><div class=\"wp-block-coblocks-logos__row\"><div style=\"width:22.6463%\"><img decoding=\"async\" alt=\"Zertifikat Fair Wear\" data-id=\"44\" data-width=\"22.6463%\" src=\"https:\/\/shops.apaya.ag\/musikschule-nuernberg\/wp-content\/uploads\/sites\/133\/2021\/04\/startseite-zertifikat-fair-wear.png\"\/><\/div><div style=\"width:22.0102%\"><img decoding=\"async\" alt=\"Zertifikat Oeko Tex\" data-id=\"43\" data-width=\"22.0102%\" src=\"https:\/\/shops.apaya.ag\/musikschule-nuernberg\/wp-content\/uploads\/sites\/133\/2021\/04\/startseite-zertifikat-oeko-tex.png\"\/><\/div><div style=\"width:14.7583%\"><img decoding=\"async\" alt=\"Zertifikat Bio\" data-id=\"42\" data-width=\"14.7583%\" src=\"https:\/\/shops.apaya.ag\/musikschule-nuernberg\/wp-content\/uploads\/sites\/133\/2021\/04\/startseite-zertifikat-bio.png\"\/><\/div><\/div><\/div>\n\n\n\n<div class=\"wp-block-columns is-layout-flex wp-container-core-columns-is-layout-28f84493 wp-block-columns-is-layout-flex\">\n<div class=\"wp-block-column is-layout-flow wp-block-column-is-layout-flow\">\n<ul class=\"wp-block-list is-style-default apaya-homepage-list\">\n<li>Einhaltung von \u00d6kotex Standard (neutrale Textilien ohne Giftstoffe die Hautreizungen hervorrufen k\u00f6nnen)<\/li>\n\n\n\n<li>Herstellung aus zertifizierter Bio-Baumwolle<\/li>\n\n\n\n<li>Sozialvertr\u00e4gliche Arbeitsbedingungen &amp;soziale Verantwortung im Sinne des Fair Trade<\/li>\n<\/ul>\n<\/div>\n\n\n\n<div class=\"wp-block-column is-layout-flow wp-block-column-is-layout-flow\">\n<ul class=\"wp-block-list is-style-default apaya-homepage-list\">\n<li>Zahlung von fairen Preisen<\/li>\n\n\n\n<li>Transparenz entlang der gesamten Lieferkette<\/li>\n\n\n\n<li>Einhaltung ethischer Herstellungsrichtlinien (z.B. keine Kinderarbeit, Gleichberechtigung von Frauen)<\/li>\n<\/ul>\n<\/div>\n<\/div>\n","protected":false},"excerpt":{"rendered":"<p>Onlineshop &#8211; Musikschule N\u00fcrnberg Wir st\u00e4rken mit nachhaltig und fair produzierter Kleidung und Merchandising-Artikeln das Gemeinschaftsgef\u00fchl an unserer Schule. Schulkleidung soll stylisch sein, funktionell aber auch nachhaltig &amp; zu menschenw\u00fcrdigen Bedingungen produziert werden. Wir legen deshalb gr\u00f6\u00dften Wert auf &#8222;Nachhaltige Produktion&#8220; &#8211; &#8222;Fairen Handel&#8220; &#8211; &#8222;\u00d6kologische Verantwortung&#8220; .<\/p>\n","protected":false},"author":1,"featured_media":0,"parent":0,"menu_order":0,"comment_status":"closed","ping_status":"closed","template":"","meta":{"_uag_custom_page_level_css":"","_coblocks_attr":"","_coblocks_dimensions":"","_coblocks_responsive_height":"","_coblocks_accordion_ie_support":"","footnotes":""},"class_list":["post-10","page","type-page","status-publish","hentry"],"uagb_featured_image_src":{"full":false,"thumbnail":false,"medium":false,"medium_large":false,"large":false,"1536x1536":false,"2048x2048":false,"woocommerce_thumbnail":false,"woocommerce_single":false,"woocommerce_gallery_thumbnail":false},"uagb_author_info":{"display_name":"Administrator","author_link":"https:\/\/shops.schul.ag\/musikschule-nuernberg\/author\/admin-apaya\/"},"uagb_comment_info":0,"uagb_excerpt":"Onlineshop &#8211; Musikschule N\u00fcrnberg Wir st\u00e4rken mit nachhaltig und fair produzierter Kleidung und Merchandising-Artikeln das Gemeinschaftsgef\u00fchl an unserer Schule. Schulkleidung soll stylisch sein, funktionell aber auch nachhaltig &amp; zu menschenw\u00fcrdigen Bedingungen produziert werden. Wir legen deshalb gr\u00f6\u00dften Wert auf &#8222;Nachhaltige Produktion&#8220; &#8211; &#8222;Fairen Handel&#8220; &#8211; &#8222;\u00d6kologische Verantwortung&#8220; .","_links":{"self":[{"href":"https:\/\/shops.schul.ag\/musikschule-nuernberg\/wp-json\/wp\/v2\/pages\/10","targetHints":{"allow":["GET"]}}],"collection":[{"href":"https:\/\/shops.schul.ag\/musikschule-nuernberg\/wp-json\/wp\/v2\/pages"}],"about":[{"href":"https:\/\/shops.schul.ag\/musikschule-nuernberg\/wp-json\/wp\/v2\/types\/page"}],"author":[{"embeddable":true,"href":"https:\/\/shops.schul.ag\/musikschule-nuernberg\/wp-json\/wp\/v2\/users\/1"}],"replies":[{"embeddable":true,"href":"https:\/\/shops.schul.ag\/musikschule-nuernberg\/wp-json\/wp\/v2\/comments?post=10"}],"version-history":[{"count":3,"href":"https:\/\/shops.schul.ag\/musikschule-nuernberg\/wp-json\/wp\/v2\/pages\/10\/revisions"}],"predecessor-version":[{"id":356,"href":"https:\/\/shops.schul.ag\/musikschule-nuernberg\/wp-json\/wp\/v2\/pages\/10\/revisions\/356"}],"wp:attachment":[{"href":"https:\/\/shops.schul.ag\/musikschule-nuernberg\/wp-json\/wp\/v2\/media?parent=10"}],"curies":[{"name":"wp","href":"https:\/\/api.w.org\/{rel}","templated":true}]}}