{"id":532,"date":"2025-05-05T14:17:17","date_gmt":"2025-05-05T12:17:17","guid":{"rendered":"https:\/\/shops.schul.ag\/musikschule-nuernberg\/?post_type=product&#038;p=532"},"modified":"2025-05-05T14:18:42","modified_gmt":"2025-05-05T12:18:42","slug":"drummer-2-0-4","status":"publish","type":"product","link":"https:\/\/shops.schul.ag\/musikschule-nuernberg\/produkt\/drummer-2-0-4\/","title":{"rendered":"DRUMMER 2.0"},"content":{"rendered":"<p>Der Basic-Unisex-Hoodie<br \/>\nEingesetzte \u00c4rmel<br \/>\nKapuze unterlegt mit demselben Material<br \/>\nFlache Zugkordeln in passender Farbe<br \/>\nGestickte Knopfl\u00f6cher<br \/>\nNackenband mit Fischgr\u00e4tmuster innen<br \/>\nAbgesetzte Halbmondpasse im Nacken<br \/>\nB\u00fcndchen in 1&#215;1-Rippenmuster an \u00c4rmeln und Saum<br \/>\nFlatlock-Steppn\u00e4hte an allen S\u00e4umen<br \/>\nK\u00e4ngurutasche mit Flatlock-Steppnnaht<br \/>\nNormale Passform<br \/>\nRundhalsausschnitt mit Kapuze<\/p>\n","protected":false},"excerpt":{"rendered":"<p>Der Basic-Unisex-Hoodie Eingesetzte \u00c4rmel Kapuze unterlegt mit demselben Material Flache Zugkordeln in passender Farbe Gestickte Knopfl\u00f6cher Nackenband mit Fischgr\u00e4tmuster innen Abgesetzte Halbmondpasse im Nacken B\u00fcndchen in 1&#215;1-Rippenmuster an \u00c4rmeln und Saum Flatlock-Steppn\u00e4hte an allen S\u00e4umen K\u00e4ngurutasche mit Flatlock-Steppnnaht Normale Passform Rundhalsausschnitt mit Kapuze<\/p>\n","protected":false},"featured_media":529,"template":"","meta":{"_uag_custom_page_level_css":"","_coblocks_attr":"","_coblocks_dimensions":"","_coblocks_responsive_height":"","_coblocks_accordion_ie_support":""},"product_brand":[],"product_cat":[21],"product_tag":[],"class_list":{"0":"post-532","1":"product","2":"type-product","3":"status-publish","4":"has-post-thumbnail","6":"product_cat-chor-unisono","8":"first","9":"instock","10":"taxable","11":"shipping-taxable","12":"purchasable","13":"product-type-variable","14":"has-default-attributes"},"uagb_featured_image_src":{"full":["https:\/\/shops.schul.ag\/musikschule-nuernberg\/wp-content\/uploads\/sites\/133\/2025\/05\/ti600_52946_front.jpg",600,600,false],"thumbnail":["https:\/\/shops.schul.ag\/musikschule-nuernberg\/wp-content\/uploads\/sites\/133\/2025\/05\/ti600_52946_front-150x150.jpg",150,150,true],"medium":["https:\/\/shops.schul.ag\/musikschule-nuernberg\/wp-content\/uploads\/sites\/133\/2025\/05\/ti600_52946_front-300x300.jpg",300,300,true],"medium_large":["https:\/\/shops.schul.ag\/musikschule-nuernberg\/wp-content\/uploads\/sites\/133\/2025\/05\/ti600_52946_front.jpg",600,600,false],"large":["https:\/\/shops.schul.ag\/musikschule-nuernberg\/wp-content\/uploads\/sites\/133\/2025\/05\/ti600_52946_front.jpg",600,600,false],"1536x1536":["https:\/\/shops.schul.ag\/musikschule-nuernberg\/wp-content\/uploads\/sites\/133\/2025\/05\/ti600_52946_front.jpg",600,600,false],"2048x2048":["https:\/\/shops.schul.ag\/musikschule-nuernberg\/wp-content\/uploads\/sites\/133\/2025\/05\/ti600_52946_front.jpg",600,600,false],"woocommerce_thumbnail":["https:\/\/shops.schul.ag\/musikschule-nuernberg\/wp-content\/uploads\/sites\/133\/2025\/05\/ti600_52946_front-324x324.jpg",324,324,true],"woocommerce_single":["https:\/\/shops.schul.ag\/musikschule-nuernberg\/wp-content\/uploads\/sites\/133\/2025\/05\/ti600_52946_front-416x416.jpg",416,416,true],"woocommerce_gallery_thumbnail":["https:\/\/shops.schul.ag\/musikschule-nuernberg\/wp-content\/uploads\/sites\/133\/2025\/05\/ti600_52946_front-100x100.jpg",100,100,true]},"uagb_author_info":{"display_name":"Administrator","author_link":"https:\/\/shops.schul.ag\/musikschule-nuernberg\/author\/"},"uagb_comment_info":0,"uagb_excerpt":"Der Basic-Unisex-Hoodie Eingesetzte \u00c4rmel Kapuze unterlegt mit demselben Material Flache Zugkordeln in passender Farbe Gestickte Knopfl\u00f6cher Nackenband mit Fischgr\u00e4tmuster innen Abgesetzte Halbmondpasse im Nacken B\u00fcndchen in 1&#215;1-Rippenmuster an \u00c4rmeln und Saum Flatlock-Steppn\u00e4hte an allen S\u00e4umen K\u00e4ngurutasche mit Flatlock-Steppnnaht Normale Passform Rundhalsausschnitt mit Kapuze","_links":{"self":[{"href":"https:\/\/shops.schul.ag\/musikschule-nuernberg\/wp-json\/wp\/v2\/product\/532","targetHints":{"allow":["GET"]}}],"collection":[{"href":"https:\/\/shops.schul.ag\/musikschule-nuernberg\/wp-json\/wp\/v2\/product"}],"about":[{"href":"https:\/\/shops.schul.ag\/musikschule-nuernberg\/wp-json\/wp\/v2\/types\/product"}],"wp:featuredmedia":[{"embeddable":true,"href":"https:\/\/shops.schul.ag\/musikschule-nuernberg\/wp-json\/wp\/v2\/media\/529"}],"wp:attachment":[{"href":"https:\/\/shops.schul.ag\/musikschule-nuernberg\/wp-json\/wp\/v2\/media?parent=532"}],"wp:term":[{"taxonomy":"product_brand","embeddable":true,"href":"https:\/\/shops.schul.ag\/musikschule-nuernberg\/wp-json\/wp\/v2\/product_brand?post=532"},{"taxonomy":"product_cat","embeddable":true,"href":"https:\/\/shops.schul.ag\/musikschule-nuernberg\/wp-json\/wp\/v2\/product_cat?post=532"},{"taxonomy":"product_tag","embeddable":true,"href":"https:\/\/shops.schul.ag\/musikschule-nuernberg\/wp-json\/wp\/v2\/product_tag?post=532"}],"curies":[{"name":"wp","href":"https:\/\/api.w.org\/{rel}","templated":true}]}}