{"id":829,"date":"2025-11-18T00:01:53","date_gmt":"2025-11-17T23:01:53","guid":{"rendered":"https:\/\/shops.schul.ag\/musikschule-nuernberg\/?post_type=product&#038;p=829"},"modified":"2025-11-18T00:04:27","modified_gmt":"2025-11-17T23:04:27","slug":"crafter-6","status":"publish","type":"product","link":"https:\/\/shops.schul.ag\/musikschule-nuernberg\/produkt\/crafter-6\/","title":{"rendered":"CRAFTER"},"content":{"rendered":"<p>Das Iconic Unisex Mid-Light-T-Shirt<br \/>\nSet-In  \u00c4rmel<br \/>\n1&#215;1-Ripp am Kragen<br \/>\nNackenband aus gleichem Material<br \/>\nDoppelnaht-Steppnaht an \u00c4rmelb\u00fcndchen und Saum<br \/>\nNormale Passform<br \/>\nRundhalsausschnitt<\/p>\n","protected":false},"excerpt":{"rendered":"<p>Das Iconic Unisex Mid-Light-T-Shirt Set-In \u00c4rmel 1&#215;1-Ripp am Kragen Nackenband aus gleichem Material Doppelnaht-Steppnaht an \u00c4rmelb\u00fcndchen und Saum Normale Passform Rundhalsausschnitt<\/p>\n","protected":false},"featured_media":748,"template":"","meta":{"_uag_custom_page_level_css":"","_coblocks_attr":"","_coblocks_dimensions":"","_coblocks_responsive_height":"","_coblocks_accordion_ie_support":""},"product_brand":[],"product_cat":[21],"product_tag":[],"class_list":{"0":"post-829","1":"product","2":"type-product","3":"status-publish","4":"has-post-thumbnail","6":"product_cat-chor-unisono","8":"first","9":"instock","10":"taxable","11":"shipping-taxable","12":"purchasable","13":"product-type-variable","14":"has-default-attributes"},"uagb_featured_image_src":{"full":["https:\/\/shops.schul.ag\/musikschule-nuernberg\/wp-content\/uploads\/sites\/133\/2025\/11\/ti600_56512_front.jpg",600,600,false],"thumbnail":["https:\/\/shops.schul.ag\/musikschule-nuernberg\/wp-content\/uploads\/sites\/133\/2025\/11\/ti600_56512_front-150x150.jpg",150,150,true],"medium":["https:\/\/shops.schul.ag\/musikschule-nuernberg\/wp-content\/uploads\/sites\/133\/2025\/11\/ti600_56512_front-300x300.jpg",300,300,true],"medium_large":["https:\/\/shops.schul.ag\/musikschule-nuernberg\/wp-content\/uploads\/sites\/133\/2025\/11\/ti600_56512_front.jpg",600,600,false],"large":["https:\/\/shops.schul.ag\/musikschule-nuernberg\/wp-content\/uploads\/sites\/133\/2025\/11\/ti600_56512_front.jpg",600,600,false],"1536x1536":["https:\/\/shops.schul.ag\/musikschule-nuernberg\/wp-content\/uploads\/sites\/133\/2025\/11\/ti600_56512_front.jpg",600,600,false],"2048x2048":["https:\/\/shops.schul.ag\/musikschule-nuernberg\/wp-content\/uploads\/sites\/133\/2025\/11\/ti600_56512_front.jpg",600,600,false],"woocommerce_thumbnail":["https:\/\/shops.schul.ag\/musikschule-nuernberg\/wp-content\/uploads\/sites\/133\/2025\/11\/ti600_56512_front-324x324.jpg",324,324,true],"woocommerce_single":["https:\/\/shops.schul.ag\/musikschule-nuernberg\/wp-content\/uploads\/sites\/133\/2025\/11\/ti600_56512_front-416x416.jpg",416,416,true],"woocommerce_gallery_thumbnail":["https:\/\/shops.schul.ag\/musikschule-nuernberg\/wp-content\/uploads\/sites\/133\/2025\/11\/ti600_56512_front-100x100.jpg",100,100,true]},"uagb_author_info":{"display_name":"Administrator","author_link":"https:\/\/shops.schul.ag\/musikschule-nuernberg\/author\/"},"uagb_comment_info":0,"uagb_excerpt":"Das Iconic Unisex Mid-Light-T-Shirt Set-In \u00c4rmel 1&#215;1-Ripp am Kragen Nackenband aus gleichem Material Doppelnaht-Steppnaht an \u00c4rmelb\u00fcndchen und Saum Normale Passform Rundhalsausschnitt","_links":{"self":[{"href":"https:\/\/shops.schul.ag\/musikschule-nuernberg\/wp-json\/wp\/v2\/product\/829","targetHints":{"allow":["GET"]}}],"collection":[{"href":"https:\/\/shops.schul.ag\/musikschule-nuernberg\/wp-json\/wp\/v2\/product"}],"about":[{"href":"https:\/\/shops.schul.ag\/musikschule-nuernberg\/wp-json\/wp\/v2\/types\/product"}],"wp:featuredmedia":[{"embeddable":true,"href":"https:\/\/shops.schul.ag\/musikschule-nuernberg\/wp-json\/wp\/v2\/media\/748"}],"wp:attachment":[{"href":"https:\/\/shops.schul.ag\/musikschule-nuernberg\/wp-json\/wp\/v2\/media?parent=829"}],"wp:term":[{"taxonomy":"product_brand","embeddable":true,"href":"https:\/\/shops.schul.ag\/musikschule-nuernberg\/wp-json\/wp\/v2\/product_brand?post=829"},{"taxonomy":"product_cat","embeddable":true,"href":"https:\/\/shops.schul.ag\/musikschule-nuernberg\/wp-json\/wp\/v2\/product_cat?post=829"},{"taxonomy":"product_tag","embeddable":true,"href":"https:\/\/shops.schul.ag\/musikschule-nuernberg\/wp-json\/wp\/v2\/product_tag?post=829"}],"curies":[{"name":"wp","href":"https:\/\/api.w.org\/{rel}","templated":true}]}}