{"id":966,"date":"2026-02-10T00:26:37","date_gmt":"2026-02-09T23:26:37","guid":{"rendered":"https:\/\/shops.schul.ag\/theodor-haubach-schule\/?post_type=product&#038;p=966"},"modified":"2026-02-10T00:30:38","modified_gmt":"2026-02-09T23:30:38","slug":"earthaware-organic-gymsac-2","status":"publish","type":"product","link":"https:\/\/shops.schul.ag\/theodor-haubach-schule\/produkt\/earthaware-organic-gymsac-2\/","title":{"rendered":"EarthAware\u2122 Organic Gymsac"},"content":{"rendered":"<p>Schweres Material, Robuste Kordel, Fassungsverm\u00f6gen: 13 Ltr., Ma\u00dfe: 37 x 47 cm, Max. Fl\u00e4che f\u00fcr Stick: runder Stickrahmen (Gr\u00f6\u00dfe 18), Max. Fl\u00e4che f\u00fcr Druck: 29 x 29 cm<\/p>\n","protected":false},"excerpt":{"rendered":"<p>Mit Motiv P14 vorne, klein, unten rechts<\/p>\n","protected":false},"featured_media":660,"template":"","meta":{"_uag_custom_page_level_css":"","_coblocks_attr":"","_coblocks_dimensions":"","_coblocks_responsive_height":"","_coblocks_accordion_ie_support":""},"product_brand":[],"product_cat":[22],"product_tag":[],"class_list":{"0":"post-966","1":"product","2":"type-product","3":"status-publish","4":"has-post-thumbnail","6":"product_cat-rucksackbeutel","8":"first","9":"instock","10":"taxable","11":"shipping-taxable","12":"purchasable","13":"product-type-variable","14":"has-default-attributes"},"uagb_featured_image_src":{"full":["https:\/\/shops.schul.ag\/theodor-haubach-schule\/wp-content\/uploads\/sites\/149\/2026\/02\/ti600_57534_front.jpg",600,600,false],"thumbnail":["https:\/\/shops.schul.ag\/theodor-haubach-schule\/wp-content\/uploads\/sites\/149\/2026\/02\/ti600_57534_front-150x150.jpg",150,150,true],"medium":["https:\/\/shops.schul.ag\/theodor-haubach-schule\/wp-content\/uploads\/sites\/149\/2026\/02\/ti600_57534_front-300x300.jpg",300,300,true],"medium_large":["https:\/\/shops.schul.ag\/theodor-haubach-schule\/wp-content\/uploads\/sites\/149\/2026\/02\/ti600_57534_front.jpg",600,600,false],"large":["https:\/\/shops.schul.ag\/theodor-haubach-schule\/wp-content\/uploads\/sites\/149\/2026\/02\/ti600_57534_front.jpg",600,600,false],"1536x1536":["https:\/\/shops.schul.ag\/theodor-haubach-schule\/wp-content\/uploads\/sites\/149\/2026\/02\/ti600_57534_front.jpg",600,600,false],"2048x2048":["https:\/\/shops.schul.ag\/theodor-haubach-schule\/wp-content\/uploads\/sites\/149\/2026\/02\/ti600_57534_front.jpg",600,600,false],"woocommerce_thumbnail":["https:\/\/shops.schul.ag\/theodor-haubach-schule\/wp-content\/uploads\/sites\/149\/2026\/02\/ti600_57534_front-324x324.jpg",324,324,true],"woocommerce_single":["https:\/\/shops.schul.ag\/theodor-haubach-schule\/wp-content\/uploads\/sites\/149\/2026\/02\/ti600_57534_front-416x416.jpg",416,416,true],"woocommerce_gallery_thumbnail":["https:\/\/shops.schul.ag\/theodor-haubach-schule\/wp-content\/uploads\/sites\/149\/2026\/02\/ti600_57534_front-100x100.jpg",100,100,true]},"uagb_author_info":{"display_name":"Administrator","author_link":"https:\/\/shops.schul.ag\/theodor-haubach-schule\/author\/"},"uagb_comment_info":0,"uagb_excerpt":"Mit Motiv P14 vorne, klein, unten rechts","_links":{"self":[{"href":"https:\/\/shops.schul.ag\/theodor-haubach-schule\/wp-json\/wp\/v2\/product\/966","targetHints":{"allow":["GET"]}}],"collection":[{"href":"https:\/\/shops.schul.ag\/theodor-haubach-schule\/wp-json\/wp\/v2\/product"}],"about":[{"href":"https:\/\/shops.schul.ag\/theodor-haubach-schule\/wp-json\/wp\/v2\/types\/product"}],"wp:featuredmedia":[{"embeddable":true,"href":"https:\/\/shops.schul.ag\/theodor-haubach-schule\/wp-json\/wp\/v2\/media\/660"}],"wp:attachment":[{"href":"https:\/\/shops.schul.ag\/theodor-haubach-schule\/wp-json\/wp\/v2\/media?parent=966"}],"wp:term":[{"taxonomy":"product_brand","embeddable":true,"href":"https:\/\/shops.schul.ag\/theodor-haubach-schule\/wp-json\/wp\/v2\/product_brand?post=966"},{"taxonomy":"product_cat","embeddable":true,"href":"https:\/\/shops.schul.ag\/theodor-haubach-schule\/wp-json\/wp\/v2\/product_cat?post=966"},{"taxonomy":"product_tag","embeddable":true,"href":"https:\/\/shops.schul.ag\/theodor-haubach-schule\/wp-json\/wp\/v2\/product_tag?post=966"}],"curies":[{"name":"wp","href":"https:\/\/api.w.org\/{rel}","templated":true}]}}